{"id":1859,"date":"2021-11-20T00:01:13","date_gmt":"2021-11-20T00:01:13","guid":{"rendered":"https:\/\/kikkomanusa.com\/sabor\/story-of-soy-sauce\/"},"modified":"2022-06-06T17:25:20","modified_gmt":"2022-06-06T17:25:20","slug":"la-historia-de-la-salsa-de-soya","status":"publish","type":"page","link":"https:\/\/kikkomanusa.com\/sabor\/la-historia-de-la-salsa-de-soya\/","title":{"rendered":"La historia de la salsa de soya"},"content":{"rendered":"<div class=\"hero-simple\" style=\"background-image: url('https:\/\/kikkomanusa.com\/sabor\/wp-content\/uploads\/sites\/6\/2022\/06\/hero-story.webp');\" alt=\"La historia de la salsa de soya \">\n        <div class=\"container\">\n        <div class=\"row justify-content-center\">\n            <div class=\"col-12\">\n                <div class=\"center-box\">\n                    <h1 class=\"drop-shadow\">La historia de la salsa de soya <\/h1>\n                <\/div>\n            <\/div>\n        <\/div>\n    <\/div>\n<\/div>\n\n\n<div class=\"image-and-text-box\">\n    <div class=\"container-fluid\">\n        <div class=\"row\">\n            <div class=\"col-6 desktop-only custom-background\"\n                style=\"background-image: url('https:\/\/kikkomanusa.com\/sabor\/wp-content\/uploads\/sites\/6\/2022\/06\/what-is-soy-sauce.png');\"><\/div>\n\n            <div class=\"col-12 col-md-6\">\n                <div class=\"content-box pl-5 pr-5\">\n                    <h2 class=\"custom-title\" tabindex=\"0\">\u00bfQU\u00c9 ES LA SALSA DE SOYA?<\/h2>\n                    <h4>INCLUSO LAS PERSONAS QUE AMAN LA SALSA DE SOYA Y LA USAN TODO EL TIEMPO A MENUDO SE SORPRENDEN AL SABER QU\u00c9 ES Y C\u00d3MO SE HACE.<\/h4>\n<p>La salsa de soya est\u00e1 hecha de solo cuatro ingredientes simples: agua, soya, trigo y sal. Esos ingredientes se transforman a trav\u00e9s de la magia de la fermentaci\u00f3n, al igual que el vino y la cerveza. Y este proceso de elaboraci\u00f3n tradicional se ha mantenido igual durante siglos.<\/p>\n\n                <\/div>\n            <\/div>\n           \n            <div class=\"col-12 mobile-only\">\n                <img decoding=\"async\" class=\"bottle\" src=\"https:\/\/kikkomanusa.com\/sabor\/wp-content\/uploads\/sites\/6\/2022\/06\/soy-sauce-bottle.webp\" alt=\"Bottle\">\n            <\/div>\n        <\/div>\n    <\/div>\n<\/div>\n\n\n<div class=\"timeline-box\">\n    <div class=\"container\">\n        <div class=\"row\">\n            <div class=\"col-12\">\n                <h2 class=\"big custom-title\">\u00bfC\u00d3MO SE PREPARA LA SALSA DE SOYA?<\/h2>\n\n                <div class=\"timeline\">\n                                            <div class=\"container-left active\"\n                            style=\"background-image: url('https:\/\/kikkomanusa.com\/sabor\/wp-content\/uploads\/sites\/6\/2022\/06\/step1.webp');\">\n                            <div class=\"content\">\n                                <h2>PASO 1<\/h2>\n                                <p>Los granos de soya y el trigo seleccionados se mezclan cuidadosamente.<\/p>\n                            <\/div>\n                        <\/div>\n                                            <div class=\"container-left \"\n                            style=\"background-image: url('https:\/\/kikkomanusa.com\/sabor\/wp-content\/uploads\/sites\/6\/2022\/06\/step2.webp');\">\n                            <div class=\"content\">\n                                <h2>PASO 2<\/h2>\n                                <p>Se agrega un iniciador patentado y la mezcla toma una siesta de 3 d\u00edas en una tina conocida como \u201ccama koji\u201d.<\/p>\n                            <\/div>\n                        <\/div>\n                                            <div class=\"container-left \"\n                            style=\"background-image: url('https:\/\/kikkomanusa.com\/sabor\/wp-content\/uploads\/sites\/6\/2022\/06\/step3.webp');\">\n                            <div class=\"content\">\n                                <h2>PASO 3<\/h2>\n                                <p>La mezcla, ahora llamada koji, se transfiere a tanques de fermentaci\u00f3n donde se mezcla con una salmuera de agua salada para hacer un pur\u00e9 llamado moromi.<\/p>\n                            <\/div>\n                        <\/div>\n                                            <div class=\"container-left \"\n                            style=\"background-image: url('https:\/\/kikkomanusa.com\/sabor\/wp-content\/uploads\/sites\/6\/2022\/06\/step4.webp');\">\n                            <div class=\"content\">\n                                <h2>PASO 4<\/h2>\n                                <p>El siguiente es el ingrediente m\u00e1s importante de todos: \u00a1el tiempo! Lleva varios meses desarrollar el sabor, el color y el aroma en su totalidad.<\/p>\n                            <\/div>\n                        <\/div>\n                                            <div class=\"container-left \"\n                            style=\"background-image: url('https:\/\/kikkomanusa.com\/sabor\/wp-content\/uploads\/sites\/6\/2022\/06\/discover-difference-3.webp');\">\n                            <div class=\"content\">\n                                <h2>PASO 5<\/h2>\n                                <p>Cuando finalmente est\u00e1 listo, se presiona el pur\u00e9 para extraer la salsa de soya cruda, que luego se refina, se trata con calor y se embotella.<\/p>\n                            <\/div>\n                        <\/div>\n                                    <\/div>\n            <\/div>\n        <\/div>\n    <\/div>\n<\/div>\n\n\n<div class=\"text-image-horizontal-box\">\n    <div class=\"container\">\n        <div class=\"row\">\n            <div class=\"col-12 col-md-9 mx-auto\">\n                <h2>NO TODAS LAS SALSAS DE SOYA SON IGUALES<\/h2>\n                <p><h3>SALSA DE SOYA ELABORADA VERSUS SALSA DE SOYA NO ELABORADA <\/h3><br \/>\r\nNo todas las salsas de soya se hacen con la elaboraci\u00f3n tradicional. La salsa de soya no elaborada (o hidrolizada qu\u00edmicamente) es un invento del siglo XX, creado para eludir el largo proceso de elaboraci\u00f3n. A menudo se vende junto con productos elaborados tradicionalmente, pero no podr\u00edan ser m\u00e1s diferentes. La salsa de soya no elaborada se prepara en cuesti\u00f3n de horas a partir de prote\u00ednas vegetales hidrolizadas y colorante caramelo. Su sabor es fuerte y unidimensional. <br><br \/> \r\nEl proceso de elaboraci\u00f3n tradicional de Kikkoman le da a nuestra salsa de soya un sabor rico y suave, y un conjunto de aromas complejo. A pesar de los avances tecnol\u00f3gicos, el proceso simplemente no puede apresurarse. Al igual que un vino fino, la salsa de soya elaborada tarda varios meses en fermentarse y a\u00f1ejar hasta alcanzar la perfecci\u00f3n.<\/p>\n            <\/div>\n        <\/div>\n    <\/div>\n    <div class=\"container-fluid\">\n        <div class=\"row\">\n            <div class=\"col-12\">\n                <img decoding=\"async\" src=\"https:\/\/kikkomanusa.com\/sabor\/wp-content\/uploads\/sites\/6\/2022\/06\/not-all-soy-sauces.webp\" alt=\"alt img\">\n            <\/div>\n        <\/div>\n    <\/div>\n<\/div>\n\n\n<div class=\"discover-the-difference\">\n    <div class=\"container\">\n        <div class=\"row\">\n            <div class=\"col-12 text-center\">\n                <h2 class=\"big\">DESCUBRA LA DIFERENCIA<\/h2>\n            <\/div>\n\n                            <div class=\"col-12 col-md-4\">\n                    <div class=\"custom-card\">\n                        <div class=\"circle\"\n                            style=\"background-image: url('https:\/\/kikkomanusa.com\/sabor\/wp-content\/uploads\/sites\/6\/2022\/06\/discover-difference-1.webp');\"><\/div>\n                        <div class=\"content\">\n                            <p class=\"title\"><h3>COLOR<\/h3><\/p>\n                            <p class=\"description\">La salsa de soya Kikkoman\u00ae tradicionalmente elaborada es delicadamente transl\u00facida con un atractivo color marr\u00f3n rojizo. La salsa de soya no elaborada es negra y opaca.<\/p>\n                        <\/div>\n                    <\/div>\n                <\/div>\n                            <div class=\"col-12 col-md-4\">\n                    <div class=\"custom-card\">\n                        <div class=\"circle\"\n                            style=\"background-image: url('https:\/\/kikkomanusa.com\/sabor\/wp-content\/uploads\/sites\/6\/2022\/06\/discover-difference-2.webp');\"><\/div>\n                        <div class=\"content\">\n                            <p class=\"title\"><h3>AROMA<\/h3><\/p>\n                            <p class=\"description\">El apetitoso conjunto de aromas de Kikkoman es complejo, con notas de levadura y ligeramente dulce. La salsa de soya no elaborada tiene un aroma fuerte y qu\u00edmico.<\/p>\n                        <\/div>\n                    <\/div>\n                <\/div>\n                            <div class=\"col-12 col-md-4\">\n                    <div class=\"custom-card\">\n                        <div class=\"circle\"\n                            style=\"background-image: url('https:\/\/kikkomanusa.com\/sabor\/wp-content\/uploads\/sites\/6\/2022\/06\/discover-difference-3.webp');\"><\/div>\n                        <div class=\"content\">\n                            <p class=\"title\"><h3>SABOR<\/h3><\/p>\n                            <p class=\"description\">La elaboraci\u00f3n tradicional le da a Kikkoman m\u00e1s de 300 componentes perceptibles de sabor y aroma, incluidos los de frutas, flores, whisky y caf\u00e9, que se combinan en perfecta armon\u00eda para crear su sabor \u00fanico y distintivo. Mientras recorre la lengua, puede saborear su complejidad y experimentar el juego de los sabores salado, dulce y agrio en el paladar. La salsa de soya no elaborada tiene un sabor unidimensional y desagradable que supera a otros sabores, en lugar de complementarlos.<\/p>\n                        <\/div>\n                    <\/div>\n                <\/div>\n                    <\/div>\n    <\/div>\n<\/div>\n\n\n<div class=\"hero-soy-sauce\" style=\"background-image: url('https:\/\/kikkomanusa.com\/sabor\/wp-content\/uploads\/sites\/6\/2022\/06\/cooking-with-kikkoman.jpg');\"  alt=\"COCINAR CON KIKKOMAN\">\n    <div class=\"container-fluid\">\n        <div class=\"row\">\n            <div class=\"col-12 col-lg-6\">\n                <div class=\"black-box\">\n                    <h2 class=\"big\" tabindex=\"0\">COCINAR CON KIKKOMAN<\/h2>\n                    <h3 class=\"subtitle\">CUANDO COCINA CON SALSA DE SOYA KIKKOMAN\u00ae, DESCUBRE R\u00c1PIDAMENTE LO VERS\u00c1TIL QUE ES<\/h3>\n                    <p tabindex=\"0\">Para platos de inspiraci\u00f3n asi\u00e1tica, como los fideos de man\u00ed y s\u00e9samo y el pollo Kung Pao, la salsa de soya Kikkoman\u00ae es el sabor ancla en salsas, marinadas y aderezos. Pero ese es solo el comienzo. Es un potenciador de sabor notable que puede realzar y completar los sabores de otros ingredientes, al agregar profundidad y riqueza a todo tipo de cocinas y alimentos, desde hamburguesas y filetes estadounidenses hasta platos latinos, mediterr\u00e1neos y dem\u00e1s platos inspirados en todo el mundo. Desde carne, aves de corral y mariscos hasta opciones de origen vegetal, un toque de salsa de soya Kikkoman\u00ae hace que todo sepa mejor.<\/p>\n                <\/div>\n            <\/div>\n        <\/div>\n    <\/div>\n<\/div>\n\n\n<div class=\"product-DIY\">\n    <div class=\"first-section\">\n        <div class=\"container\">\n            <div class=\"row\">\n                <div class=\"col-3 col-md-6\">\n                    <img decoding=\"async\" src=\"https:\/\/kikkomanusa.com\/sabor\/wp-content\/uploads\/sites\/6\/2022\/06\/soy-sauce.webp\" alt=\"Bottle\" class=\"pDIY\">\n                <\/div>\n\n                <div class=\"col-9 col-md-6\">\n                    <div class=\"block\">\n                        <h2 class=\"big\">LA MAGIA DEL UMAMI<\/h2>\n                        <h3>POTENCIAR EL \u201cFACTOR DELICIOSO\u201d EN LA COCCI\u00d3N<\/h3>\n                        <p>En la actualidad, todos hablan del umami, el llamado \u201cquinto sabor\u201d (los otros cuatro son dulce, \u00e1cido, salado y amargo). A menudo descrito como carnoso, salado o caldoso, el umami es lo que experimenta cuando prueba la riqueza del caldo de carne que recubre la lengua, la intensidad del queso parmesano, el sabor concentrado de los hongos salteados y la compleja profundidad de sabor dulce y sabroso de la salsa de soya Kikkoman\u00ae elaborada naturalmente. Las cualidades del umami que se desarrollan como parte del proceso de elaboraci\u00f3n natural hacen de Kikkoman uno de los potenciadores de sabor m\u00e1s vers\u00e1tiles que puede comprar. Su sabor complejo y delicado aroma ayudan a resaltar los sabores de otros ingredientes. \u00bfDesea agregar una sabrosa profundidad a una sopa de cebolla francesa o un sabor carnoso a una hamburguesa vegetariana? Independientemente de lo que est\u00e9 cocinando, tome la salsa de soya Kikkoman\u00ae como su \u201cumami en botella\u201d preferido.<\/p>\n                    <\/div>\n                <\/div>\n            <\/div> \n        <\/div>\n    <\/div>\n\n    <div class=\"second-section\">\n        <div class=\"container\">\n            <div class=\"row\">\n                <div class=\"col-12 col-md-6\">\n                    <div class=\"box\">\n                        <h2 class=\"big\">DEMOSTRACI\u00d3N DE UMAMI PARA HACER EN CASA<\/h2>\n                        <p>\u00bfDesea comprender realmente el umami de una vez por todas? Pruebe hacer esto en casa<\/p>\n                    <\/div>\n                <\/div>\n\n                <div class=\"col-12 col-md-6\">\n                    <img decoding=\"async\" src=\"https:\/\/kikkomanusa.com\/sabor\/wp-content\/uploads\/sites\/6\/2022\/06\/umami-diy-demo.webp\" alt=\"Bottle\">\n                <\/div>\n            <\/div>\n        <\/div>\n    <\/div>\n\n    <div class=\"third-section\">\n        <div class=\"container\">\n            <div class=\"row\">\n                 \n                    <div class=\"col-12 col-md-4 mobile-reverse\">\n                        <img decoding=\"async\" src=\"https:\/\/kikkomanusa.com\/sabor\/wp-content\/uploads\/sites\/6\/2022\/06\/diy-step-1.webp\" alt=\"Step 1\">\n                        <div class=\"step-box\">\n                            <p class=\"number\">1<\/p>\n                            <p class=\"description\">Coloque 1\/4 taza de caldo de pollo tibio con bajo contenido de sodio o caldo de verduras en dos tazones peque\u00f1os. Agregue 1\/4 de cucharadita de salsa de soya Kikkoman\u00ae a uno de los tazones..<\/p>\n                        <\/div>\n                    <\/div>\n                 \n                    <div class=\"col-12 col-md-4 mobile-reverse\">\n                        <img decoding=\"async\" src=\"https:\/\/kikkomanusa.com\/sabor\/wp-content\/uploads\/sites\/6\/2022\/06\/diy-step-2.webp\" alt=\"Step 1\">\n                        <div class=\"step-box\">\n                            <p class=\"number\">2<\/p>\n                            <p class=\"description\">Pruebe el sabor del caldo simple.<\/p>\n                        <\/div>\n                    <\/div>\n                 \n                    <div class=\"col-12 col-md-4 mobile-reverse\">\n                        <img decoding=\"async\" src=\"https:\/\/kikkomanusa.com\/sabor\/wp-content\/uploads\/sites\/6\/2022\/06\/diy-step-3.webp\" alt=\"Step 1\">\n                        <div class=\"step-box\">\n                            <p class=\"number\">3<\/p>\n                            <p class=\"description\">Ahora pruebe el caldo realzado con Kikkoman. Observe que realmente no siente el sabor de la salsa de soya, pero el caldo tiene m\u00e1s profundidad y un sabor m\u00e1s rico.<\/p>\n                        <\/div>\n                    <\/div>\n                            <\/div>\n        <\/div>\n    <\/div>\n<\/div>","protected":false},"excerpt":{"rendered":"","protected":false},"author":1,"featured_media":0,"parent":0,"menu_order":0,"comment_status":"closed","ping_status":"closed","template":"","meta":{"_acf_changed":false,"footnotes":""},"page-type":[],"class_list":["post-1859","page","type-page","status-publish","hentry"],"acf":{"blog_page_link_text":""},"yoast_head":"<!-- This site is optimized with the Yoast SEO Premium plugin v27.3 (Yoast SEO v27.3) - https:\/\/yoast.com\/product\/yoast-seo-premium-wordpress\/ -->\n<title>La historia de la salsa de soya - Sabor<\/title>\n<meta name=\"description\" content=\"Kikkoman makes the best soy sauce on earth. Learn our story and how we make our soy sauce. Next up, make your own unique Asian-inspired sauces with it.\" \/>\n<meta name=\"robots\" content=\"index, follow, max-snippet:-1, max-image-preview:large, max-video-preview:-1\" \/>\n<link rel=\"canonical\" href=\"https:\/\/kikkomanusa.com\/sabor\/la-historia-de-la-salsa-de-soya\/\" \/>\n<meta property=\"og:locale\" content=\"es_ES\" \/>\n<meta property=\"og:type\" content=\"article\" \/>\n<meta property=\"og:title\" content=\"Sabor\" \/>\n<meta property=\"og:url\" content=\"https:\/\/kikkomanusa.com\/sabor\/la-historia-de-la-salsa-de-soya\/\" \/>\n<meta property=\"og:site_name\" content=\"Sabor\" \/>\n<meta property=\"article:modified_time\" content=\"2022-06-06T17:25:20+00:00\" \/>\n<meta name=\"twitter:card\" content=\"summary_large_image\" \/>\n<script type=\"application\/ld+json\" class=\"yoast-schema-graph\">{\"@context\":\"https:\\\/\\\/schema.org\",\"@graph\":[{\"@type\":\"WebPage\",\"@id\":\"https:\\\/\\\/kikkomanusa.com\\\/sabor\\\/la-historia-de-la-salsa-de-soya\\\/\",\"url\":\"https:\\\/\\\/kikkomanusa.com\\\/sabor\\\/la-historia-de-la-salsa-de-soya\\\/\",\"name\":\"La historia de la salsa de soya - Sabor\",\"isPartOf\":{\"@id\":\"https:\\\/\\\/kikkomanusa.com\\\/sabor\\\/#website\"},\"datePublished\":\"2021-11-20T00:01:13+00:00\",\"dateModified\":\"2022-06-06T17:25:20+00:00\",\"description\":\"Kikkoman makes the best soy sauce on earth. Learn our story and how we make our soy sauce. Next up, make your own unique Asian-inspired sauces with it.\",\"breadcrumb\":{\"@id\":\"https:\\\/\\\/kikkomanusa.com\\\/sabor\\\/la-historia-de-la-salsa-de-soya\\\/#breadcrumb\"},\"inLanguage\":\"es-ES\",\"potentialAction\":[{\"@type\":\"ReadAction\",\"target\":[\"https:\\\/\\\/kikkomanusa.com\\\/sabor\\\/la-historia-de-la-salsa-de-soya\\\/\"]}]},{\"@type\":\"BreadcrumbList\",\"@id\":\"https:\\\/\\\/kikkomanusa.com\\\/sabor\\\/la-historia-de-la-salsa-de-soya\\\/#breadcrumb\",\"itemListElement\":[{\"@type\":\"ListItem\",\"position\":1,\"name\":\"Home\",\"item\":\"https:\\\/\\\/kikkomanusa.com\\\/sabor\\\/\"},{\"@type\":\"ListItem\",\"position\":2,\"name\":\"La historia de la salsa de soya\"}]},{\"@type\":\"WebSite\",\"@id\":\"https:\\\/\\\/kikkomanusa.com\\\/sabor\\\/#website\",\"url\":\"https:\\\/\\\/kikkomanusa.com\\\/sabor\\\/\",\"name\":\"Sabor\",\"description\":\"Just another Kikkoman USA Sites site\",\"potentialAction\":[{\"@type\":\"SearchAction\",\"target\":{\"@type\":\"EntryPoint\",\"urlTemplate\":\"https:\\\/\\\/kikkomanusa.com\\\/sabor\\\/?s={search_term_string}\"},\"query-input\":{\"@type\":\"PropertyValueSpecification\",\"valueRequired\":true,\"valueName\":\"search_term_string\"}}],\"inLanguage\":\"es-ES\"}]}<\/script>\n<!-- \/ Yoast SEO Premium plugin. -->","yoast_head_json":{"title":"La historia de la salsa de soya - Sabor","description":"Kikkoman makes the best soy sauce on earth. Learn our story and how we make our soy sauce. Next up, make your own unique Asian-inspired sauces with it.","robots":{"index":"index","follow":"follow","max-snippet":"max-snippet:-1","max-image-preview":"max-image-preview:large","max-video-preview":"max-video-preview:-1"},"canonical":"https:\/\/kikkomanusa.com\/sabor\/la-historia-de-la-salsa-de-soya\/","og_locale":"es_ES","og_type":"article","og_title":"Sabor","og_url":"https:\/\/kikkomanusa.com\/sabor\/la-historia-de-la-salsa-de-soya\/","og_site_name":"Sabor","article_modified_time":"2022-06-06T17:25:20+00:00","twitter_card":"summary_large_image","schema":{"@context":"https:\/\/schema.org","@graph":[{"@type":"WebPage","@id":"https:\/\/kikkomanusa.com\/sabor\/la-historia-de-la-salsa-de-soya\/","url":"https:\/\/kikkomanusa.com\/sabor\/la-historia-de-la-salsa-de-soya\/","name":"La historia de la salsa de soya - Sabor","isPartOf":{"@id":"https:\/\/kikkomanusa.com\/sabor\/#website"},"datePublished":"2021-11-20T00:01:13+00:00","dateModified":"2022-06-06T17:25:20+00:00","description":"Kikkoman makes the best soy sauce on earth. Learn our story and how we make our soy sauce. Next up, make your own unique Asian-inspired sauces with it.","breadcrumb":{"@id":"https:\/\/kikkomanusa.com\/sabor\/la-historia-de-la-salsa-de-soya\/#breadcrumb"},"inLanguage":"es-ES","potentialAction":[{"@type":"ReadAction","target":["https:\/\/kikkomanusa.com\/sabor\/la-historia-de-la-salsa-de-soya\/"]}]},{"@type":"BreadcrumbList","@id":"https:\/\/kikkomanusa.com\/sabor\/la-historia-de-la-salsa-de-soya\/#breadcrumb","itemListElement":[{"@type":"ListItem","position":1,"name":"Home","item":"https:\/\/kikkomanusa.com\/sabor\/"},{"@type":"ListItem","position":2,"name":"La historia de la salsa de soya"}]},{"@type":"WebSite","@id":"https:\/\/kikkomanusa.com\/sabor\/#website","url":"https:\/\/kikkomanusa.com\/sabor\/","name":"Sabor","description":"Just another Kikkoman USA Sites site","potentialAction":[{"@type":"SearchAction","target":{"@type":"EntryPoint","urlTemplate":"https:\/\/kikkomanusa.com\/sabor\/?s={search_term_string}"},"query-input":{"@type":"PropertyValueSpecification","valueRequired":true,"valueName":"search_term_string"}}],"inLanguage":"es-ES"}]}},"featured_image_src":null,"featured_image_src_square":null,"_links":{"self":[{"href":"https:\/\/kikkomanusa.com\/sabor\/wp-json\/wp\/v2\/pages\/1859","targetHints":{"allow":["GET"]}}],"collection":[{"href":"https:\/\/kikkomanusa.com\/sabor\/wp-json\/wp\/v2\/pages"}],"about":[{"href":"https:\/\/kikkomanusa.com\/sabor\/wp-json\/wp\/v2\/types\/page"}],"author":[{"embeddable":true,"href":"https:\/\/kikkomanusa.com\/sabor\/wp-json\/wp\/v2\/users\/1"}],"replies":[{"embeddable":true,"href":"https:\/\/kikkomanusa.com\/sabor\/wp-json\/wp\/v2\/comments?post=1859"}],"version-history":[{"count":0,"href":"https:\/\/kikkomanusa.com\/sabor\/wp-json\/wp\/v2\/pages\/1859\/revisions"}],"wp:attachment":[{"href":"https:\/\/kikkomanusa.com\/sabor\/wp-json\/wp\/v2\/media?parent=1859"}],"wp:term":[{"taxonomy":"page-type","embeddable":true,"href":"https:\/\/kikkomanusa.com\/sabor\/wp-json\/wp\/v2\/page-type?post=1859"}],"curies":[{"name":"wp","href":"https:\/\/api.w.org\/{rel}","templated":true}]}}